{"id":14642,"date":"2023-08-29T19:14:59","date_gmt":"2023-08-29T17:14:59","guid":{"rendered":"https:\/\/www.gemmissime.com\/?page_id=14642"},"modified":"2024-03-15T18:05:59","modified_gmt":"2024-03-15T17:05:59","slug":"mentions-legales","status":"publish","type":"page","link":"https:\/\/www.gemmissime.com\/en\/mentions-legales\/","title":{"rendered":"Legal notice"},"content":{"rendered":"<div data-elementor-type=\"wp-page\" data-elementor-id=\"14642\" class=\"elementor elementor-14642\" data-elementor-post-type=\"page\">\n\t\t\t\t\t\t<section class=\"elementor-section elementor-top-section elementor-element elementor-element-256dab29 elementor-section-boxed elementor-section-height-default elementor-section-height-default\" data-id=\"256dab29\" data-element_type=\"section\" data-e-type=\"section\">\r\n\t\t\t\t\t\t<div class=\"elementor-container elementor-column-gap-default jws_section_\" >\r\n\t\t\t\t<div class=\"elementor-column elementor-col-100 elementor-top-column elementor-element elementor-element-130df850\" data-id=\"130df850\" data-element_type=\"column\" data-e-type=\"column\">\n\t\t\t<div class=\"elementor-widget-wrap elementor-element-populated\">\n\t\t\t\t\t\t<div class=\"elementor-element elementor-element-3998c211 elementor-widget elementor-widget-heading\" data-id=\"3998c211\" data-element_type=\"widget\" data-e-type=\"widget\" data-widget_type=\"heading.default\">\n\t\t\t\t<div class=\"elementor-widget-container\">\n\t\t\t\t\t<h1 class=\"elementor-heading-title elementor-size-default\">Legal notice<\/h1>\t\t\t\t<\/div>\n\t\t\t\t<\/div>\n\t\t\t\t<div class=\"elementor-element elementor-element-7a555c3e elementor-widget-divider--view-line elementor-widget elementor-widget-divider\" data-id=\"7a555c3e\" data-element_type=\"widget\" data-e-type=\"widget\" data-widget_type=\"divider.default\">\n\t\t\t\t<div class=\"elementor-widget-container\">\n\t\t\t\t\t\t\t<div class=\"elementor-divider\">\n\t\t\t<span class=\"elementor-divider-separator\">\n\t\t\t\t\t\t<\/span>\n\t\t<\/div>\n\t\t\t\t\t\t<\/div>\n\t\t\t\t<\/div>\n\t\t\t\t<div class=\"elementor-element elementor-element-c5948be elementor-widget__width-initial elementor-widget elementor-widget-text-editor\" data-id=\"c5948be\" data-element_type=\"widget\" data-e-type=\"widget\" data-widget_type=\"text-editor.default\">\n\t\t\t\t<div class=\"elementor-widget-container\">\n\t\t\t\t\t\t\t\t\t<p>In accordance with the provisions of Article 6 III 1\u00b0 of Law No. 2004-575 of June 21, 2004 for confidence in the digital economy, we inform you that:<\/p>\t\t\t\t\t\t\t\t<\/div>\n\t\t\t\t<\/div>\n\t\t\t\t<div class=\"elementor-element elementor-element-79f1d61f elementor-widget__width-initial elementor-widget elementor-widget-heading\" data-id=\"79f1d61f\" data-element_type=\"widget\" data-e-type=\"widget\" data-widget_type=\"heading.default\">\n\t\t\t\t<div class=\"elementor-widget-container\">\n\t\t\t\t\t<p class=\"elementor-heading-title elementor-size-default\">Presentation<\/p>\t\t\t\t<\/div>\n\t\t\t\t<\/div>\n\t\t\t\t<div class=\"elementor-element elementor-element-31822c71 elementor-widget__width-initial elementor-widget elementor-widget-text-editor\" data-id=\"31822c71\" data-element_type=\"widget\" data-e-type=\"widget\" data-widget_type=\"text-editor.default\">\n\t\t\t\t<div class=\"elementor-widget-container\">\n\t\t\t\t\t\t\t\t\t<p class=\"MsoNormal translation-block\" style=\"margin: 12pt 0cm;\">The website Gemmissime.com is the property of the KT CREATIONS &amp; CO company, commercial name of C.Esteves' micro-enterprise, registered in the Registre du commerce et des Soci\u00e9t\u00e9s de Paris under number 919 938 456, and whose head office is located at 6 rue d'Armaill\u00e9 75017 Paris.<\/p>\t\t\t\t\t\t\t\t<\/div>\n\t\t\t\t<\/div>\n\t\t\t\t<div class=\"elementor-element elementor-element-1ff2592 elementor-widget__width-initial elementor-widget elementor-widget-heading\" data-id=\"1ff2592\" data-element_type=\"widget\" data-e-type=\"widget\" data-widget_type=\"heading.default\">\n\t\t\t\t<div class=\"elementor-widget-container\">\n\t\t\t\t\t<p class=\"elementor-heading-title elementor-size-default\">Publication Director<\/p>\t\t\t\t<\/div>\n\t\t\t\t<\/div>\n\t\t\t\t<div class=\"elementor-element elementor-element-7daa99b elementor-widget__width-initial elementor-widget elementor-widget-text-editor\" data-id=\"7daa99b\" data-element_type=\"widget\" data-e-type=\"widget\" data-widget_type=\"text-editor.default\">\n\t\t\t\t<div class=\"elementor-widget-container\">\n\t\t\t\t\t\t\t\t\t<p style=\"margin: 12pt 0cm;\" class=\"translation-block\">The publishing director of the website Gemmissime.com is C.Esteves. For any request or complaint, the official contact email address is hello@gemmissime.com.<\/p>\t\t\t\t\t\t\t\t<\/div>\n\t\t\t\t<\/div>\n\t\t\t\t<div class=\"elementor-element elementor-element-0190a67 elementor-widget__width-initial elementor-widget elementor-widget-heading\" data-id=\"0190a67\" data-element_type=\"widget\" data-e-type=\"widget\" data-widget_type=\"heading.default\">\n\t\t\t\t<div class=\"elementor-widget-container\">\n\t\t\t\t\t<p class=\"elementor-heading-title elementor-size-default\">Hosting<\/p>\t\t\t\t<\/div>\n\t\t\t\t<\/div>\n\t\t\t\t<div class=\"elementor-element elementor-element-4ca0809 elementor-widget__width-initial elementor-widget elementor-widget-text-editor\" data-id=\"4ca0809\" data-element_type=\"widget\" data-e-type=\"widget\" data-widget_type=\"text-editor.default\">\n\t\t\t\t<div class=\"elementor-widget-container\">\n\t\t\t\t\t\t\t\t\t<p style=\"margin: 12pt 0cm;\" class=\"translation-block\">Hosting of the Gemmissime.com website is provided by the company PLANETHOSTER INC, located at 4416 Louis B. Mayer, Laval (Qu\u00e9bec) H7P 0G1, Canada.<\/p>\t\t\t\t\t\t\t\t<\/div>\n\t\t\t\t<\/div>\n\t\t\t\t<div class=\"elementor-element elementor-element-4c877d9 elementor-widget__width-initial elementor-widget elementor-widget-heading\" data-id=\"4c877d9\" data-element_type=\"widget\" data-e-type=\"widget\" data-widget_type=\"heading.default\">\n\t\t\t\t<div class=\"elementor-widget-container\">\n\t\t\t\t\t<p class=\"elementor-heading-title elementor-size-default\">Intellectual property &amp; Credits<\/p>\t\t\t\t<\/div>\n\t\t\t\t<\/div>\n\t\t\t\t<div class=\"elementor-element elementor-element-8162103 elementor-widget__width-initial elementor-widget elementor-widget-text-editor\" data-id=\"8162103\" data-element_type=\"widget\" data-e-type=\"widget\" data-widget_type=\"text-editor.default\">\n\t\t\t\t<div class=\"elementor-widget-container\">\n\t\t\t\t\t\t\t\t\t<ul><li>Gemmissime is a registered trademark of KT CREATIONS &amp; CO company.<\/li><li class=\"translation-block\">The Gemmissime.com website was created by MAKEO in collaboration with KT CREATIONS &amp; CO.<\/li><li>Text and photo credits: KT CREATIONS &amp; CO, Pexels<\/li><li class=\"translation-block\">Any representation or distribution, total or partial, of this site, by any process whatsoever, or any other exploitation outside of the possible exceptions posed by the applicable texts regarding intellectual property, are subject to the express authorization of KT CREATIONS &amp; CO, owner of the Gemmissime brand and the Gemmissime.com website. The use of the Gemmissime logo is prohibited and would constitute an infringement punishable by articles L.335-2 et seq. of the Intellectual Property Code.<\/li><\/ul><p style=\"margin: 12pt 0cm;\">\u00a0<\/p>\t\t\t\t\t\t\t\t<\/div>\n\t\t\t\t<\/div>\n\t\t\t\t\t<\/div>\n\t\t<\/div>\n\t\t\t\t      \r\n            \r\n              \r\n            \r\n            \t\r\n\t\t\t<\/div>\r\n\t\t<\/section>\r\n\t\t\t\t<section class=\"elementor-section elementor-top-section elementor-element elementor-element-864a8fd elementor-hidden-tablet elementor-hidden-mobile elementor-section-boxed elementor-section-height-default elementor-section-height-default\" data-id=\"864a8fd\" data-element_type=\"section\" data-e-type=\"section\">\r\n\t\t\t\t\t\t<div class=\"elementor-container elementor-column-gap-default jws_section_\" >\r\n\t\t\t\t<div class=\"elementor-column elementor-col-33 elementor-top-column elementor-element elementor-element-005e5f3\" data-id=\"005e5f3\" data-element_type=\"column\" data-e-type=\"column\">\n\t\t\t<div class=\"elementor-widget-wrap elementor-element-populated\">\n\t\t\t\t\t\t<div class=\"elementor-element elementor-element-d9b3beb elementor-invisible elementor-widget elementor-widget-jws_info_box\" data-id=\"d9b3beb\" data-element_type=\"widget\" data-e-type=\"widget\" data-settings=\"{&quot;align&quot;:&quot;center&quot;,&quot;_animation&quot;:&quot;fadeInUp&quot;}\" data-widget_type=\"jws_info_box.default\">\n\t\t\t\t<div class=\"elementor-widget-container\">\n\t\t\t\t\t            <div class=\"jws-info-box layout2\">\r\n                <div class=\"jws-info-box-inner\">\r\n                    <a href=\"https:\/\/www.gemmissime.com\/en\/faq\/\">\r\n    <div class=\"box-icon\">\r\n        <span><\/span>\r\n        <svg xmlns=\"http:\/\/www.w3.org\/2000\/svg\" width=\"32\" height=\"32\" viewbox=\"0 0 32 32\" fill=\"none\"><path d=\"M6.80761 25.1924C5.65711 24.0419 6.42019 21.6265 5.8346 20.2111C5.22755 18.744 3 17.5631 3 16C3 14.4368 5.22756 13.256 5.8346 11.7888C6.4202 10.3735 5.65711 7.95811 6.80761 6.80761C7.95811 5.65711 10.3735 6.42019 11.7889 5.8346C13.256 5.22755 14.4369 3 16 3C17.5632 3 18.744 5.22756 20.2112 5.8346C21.6265 6.4202 24.0419 5.65711 25.1924 6.80761C26.3429 7.95811 25.5798 10.3735 26.1654 11.7889C26.7725 13.256 29 14.4369 29 16C29 17.5632 26.7724 18.744 26.1654 20.2112C25.5798 21.6265 26.3429 24.0419 25.1924 25.1924C24.0419 26.3429 21.6265 25.5798 20.2111 26.1654C18.744 26.7725 17.5631 29 16 29C14.4368 29 13.256 26.7724 11.7888 26.1654C10.3735 25.5798 7.95811 26.3429 6.80761 25.1924Z\" stroke=\"#040202\" stroke-width=\"2\" stroke-linecap=\"round\" stroke-linejoin=\"round\"><\/path><path d=\"M16 24C16.8284 24 17.5 23.3284 17.5 22.5C17.5 21.6716 16.8284 21 16 21C15.1716 21 14.5 21.6716 14.5 22.5C14.5 23.3284 15.1716 24 16 24Z\" fill=\"#040202\"><\/path><path d=\"M16 18.001V17.001C16.6922 17.001 17.3689 16.7957 17.9445 16.4111C18.5201 16.0265 18.9687 15.4799 19.2336 14.8404C19.4985 14.2008 19.5678 13.4971 19.4327 12.8182C19.2977 12.1392 18.9644 11.5156 18.4749 11.0261C17.9854 10.5366 17.3618 10.2033 16.6828 10.0682C16.0039 9.93318 15.3001 10.0025 14.6606 10.2674C14.0211 10.5323 13.4744 10.9809 13.0899 11.5565C12.7053 12.1321 12.5 12.8087 12.5 13.501\" stroke=\"#040202\" stroke-width=\"2\" stroke-linecap=\"round\" stroke-linejoin=\"round\"><\/path><\/svg>  \r\n    <\/div>\r\n    <div class=\"box-title\">\r\n        Any question about your order?    <\/div>\r\n    <div class=\"box-content\">\r\n        <p>Read our dedicated page<\/p>    <\/div>\r\n    <div class=\"box-more\">\r\n       TO \"FAQ\" PAGE<i class=\"jws-icon-arrow-up-right-thin\"><\/i>\r\n    <\/div>\r\n<\/a>                <\/div>\r\n            <\/div>\r\n        \t\t\t\t<\/div>\n\t\t\t\t<\/div>\n\t\t\t\t\t<\/div>\n\t\t<\/div>\n\t\t\t\t<div class=\"elementor-column elementor-col-33 elementor-top-column elementor-element elementor-element-8cff32a\" data-id=\"8cff32a\" data-element_type=\"column\" data-e-type=\"column\">\n\t\t\t<div class=\"elementor-widget-wrap elementor-element-populated\">\n\t\t\t\t\t\t<div class=\"elementor-element elementor-element-6f03367 elementor-invisible elementor-widget elementor-widget-jws_info_box\" data-id=\"6f03367\" data-element_type=\"widget\" data-e-type=\"widget\" data-settings=\"{&quot;align&quot;:&quot;center&quot;,&quot;_animation&quot;:&quot;fadeInUp&quot;}\" data-widget_type=\"jws_info_box.default\">\n\t\t\t\t<div class=\"elementor-widget-container\">\n\t\t\t\t\t            <div class=\"jws-info-box layout2\">\r\n                <div class=\"jws-info-box-inner\">\r\n                    <a href=\"https:\/\/www.gemmissime.com\/en\/contact\/\">\r\n    <div class=\"box-icon\">\r\n        <span><\/span>\r\n        <svg xmlns=\"http:\/\/www.w3.org\/2000\/svg\" width=\"32\" height=\"32\" viewbox=\"0 0 32 32\" fill=\"none\"><path d=\"M28 7L16 18L4 7\" stroke=\"#040202\" stroke-width=\"2\" stroke-linecap=\"round\" stroke-linejoin=\"round\"><\/path><path d=\"M4 7H28V24C28 24.2652 27.8946 24.5196 27.7071 24.7071C27.5196 24.8946 27.2652 25 27 25H5C4.73478 25 4.48043 24.8946 4.29289 24.7071C4.10536 24.5196 4 24.2652 4 24V7Z\" stroke=\"#040202\" stroke-width=\"2\" stroke-linecap=\"round\" stroke-linejoin=\"round\"><\/path><path d=\"M13.8184 16L4.30859 24.7174\" stroke=\"#040202\" stroke-width=\"2\" stroke-linecap=\"round\" stroke-linejoin=\"round\"><\/path><path d=\"M27.6916 24.7175L18.1816 16\" stroke=\"#040202\" stroke-width=\"2\" stroke-linecap=\"round\" stroke-linejoin=\"round\"><\/path><\/svg>  \r\n    <\/div>\r\n    <div class=\"box-title\">\r\n        Gemmissime &amp; You    <\/div>\r\n    <div class=\"box-content\">\r\n        <p>Our customer service is available to help you 6 days a week<\/p>    <\/div>\r\n    <div class=\"box-more\">\r\n       TO \"CONTACT US\"<i class=\"jws-icon-arrow-up-right-thin\"><\/i>\r\n    <\/div>\r\n<\/a>                <\/div>\r\n            <\/div>\r\n        \t\t\t\t<\/div>\n\t\t\t\t<\/div>\n\t\t\t\t\t<\/div>\n\t\t<\/div>\n\t\t\t\t<div class=\"elementor-column elementor-col-33 elementor-top-column elementor-element elementor-element-f336322\" data-id=\"f336322\" data-element_type=\"column\" data-e-type=\"column\">\n\t\t\t<div class=\"elementor-widget-wrap elementor-element-populated\">\n\t\t\t\t\t\t<div class=\"elementor-element elementor-element-14d8c71 elementor-invisible elementor-widget elementor-widget-jws_info_box\" data-id=\"14d8c71\" data-element_type=\"widget\" data-e-type=\"widget\" data-settings=\"{&quot;align&quot;:&quot;center&quot;,&quot;_animation&quot;:&quot;fadeInUp&quot;}\" data-widget_type=\"jws_info_box.default\">\n\t\t\t\t<div class=\"elementor-widget-container\">\n\t\t\t\t\t            <div class=\"jws-info-box layout2\">\r\n                <div class=\"jws-info-box-inner\">\r\n                    <a href=\"https:\/\/www.gemmissime.com\/en\/produits\/carte-cadeau\/\">\r\n    <div class=\"box-icon\">\r\n        <span><\/span>\r\n        <svg xmlns=\"http:\/\/www.w3.org\/2000\/svg\" width=\"32\" height=\"32\" viewbox=\"0 0 32 32\" fill=\"none\"><path d=\"M17.3404 21.933L14.9383 28.453C14.8676 28.6449 14.7397 28.8106 14.5719 28.9276C14.4041 29.0446 14.2045 29.1073 13.9999 29.1073C13.7954 29.1073 13.5958 29.0446 13.428 28.9276C13.2602 28.8106 13.1323 28.6449 13.0616 28.453L10.6595 21.933C10.6095 21.7972 10.5306 21.6739 10.4283 21.5716C10.3259 21.4693 10.2026 21.3904 10.0669 21.3404L3.54687 18.9383C3.35493 18.8676 3.1893 18.7397 3.0723 18.5719C2.95531 18.4041 2.89258 18.2045 2.89258 17.9999C2.89258 17.7954 2.95531 17.5958 3.0723 17.428C3.1893 17.2602 3.35493 17.1323 3.54687 17.0616L10.0669 14.6595C10.2026 14.6095 10.3259 14.5306 10.4283 14.4283C10.5306 14.3259 10.6095 14.2026 10.6595 14.0669L13.0616 7.54687C13.1323 7.35493 13.2602 7.1893 13.428 7.0723C13.5958 6.95531 13.7954 6.89258 13.9999 6.89258C14.2045 6.89258 14.4041 6.95531 14.5719 7.0723C14.7397 7.1893 14.8676 7.35493 14.9383 7.54687L17.3404 14.0669C17.3904 14.2026 17.4693 14.3259 17.5716 14.4283C17.6739 14.5306 17.7972 14.6095 17.933 14.6595L24.453 17.0616C24.6449 17.1323 24.8106 17.2602 24.9276 17.428C25.0446 17.5958 25.1073 17.7954 25.1073 17.9999C25.1073 18.2045 25.0446 18.4041 24.9276 18.5719C24.8106 18.7397 24.6449 18.8676 24.453 18.9383L17.933 21.3404C17.7972 21.3904 17.6739 21.4693 17.5716 21.5716C17.4693 21.6739 17.3904 21.7972 17.3404 21.933V21.933Z\" stroke=\"#040202\" stroke-width=\"2\" stroke-linecap=\"round\" stroke-linejoin=\"round\"><\/path><path d=\"M22 2V8\" stroke=\"#040202\" stroke-width=\"2\" stroke-linecap=\"round\" stroke-linejoin=\"round\"><\/path><path d=\"M25 5H19\" stroke=\"#040202\" stroke-width=\"2\" stroke-linecap=\"round\" stroke-linejoin=\"round\"><\/path><path d=\"M28 9V13\" stroke=\"#040202\" stroke-width=\"2\" stroke-linecap=\"round\" stroke-linejoin=\"round\"><\/path><path d=\"M30 11H26\" stroke=\"#040202\" stroke-width=\"2\" stroke-linecap=\"round\" stroke-linejoin=\"round\"><\/path><\/svg>  \r\n    <\/div>\r\n    <div class=\"box-title\">\r\n        Needing inspiration?    <\/div>\r\n    <div class=\"box-content\">\r\n        <div class=\"MUxGbd yDYNvb lyLwlc aLF0Z OSrXXb\">Be sure to please your dear ones with a Gemmissime E-gift card<\/div>    <\/div>\r\n    <div class=\"box-more\">\r\n       TO \"E-GIFT CARD\"<i class=\"jws-icon-arrow-up-right-thin\"><\/i>\r\n    <\/div>\r\n<\/a>                <\/div>\r\n            <\/div>\r\n        \t\t\t\t<\/div>\n\t\t\t\t<\/div>\n\t\t\t\t\t<\/div>\n\t\t<\/div>\n\t\t\t\t      \r\n            \r\n              \r\n            \r\n            \t\r\n\t\t\t<\/div>\r\n\t\t<\/section>\r\n\t\t\t\t<\/div>","protected":false},"excerpt":{"rendered":"<p>Mentions l\u00e9gales Conform\u00e9ment aux dispositions de l\u2019article 6 III 1\u00b0 de la loi n\u00b02004-575 du 21 juin 2004 pour la confiance dans l\u2019\u00e9conomie num\u00e9rique, nous vous informons que : Pr\u00e9sentation Le site internet actuel Gemmissime.com est la propri\u00e9t\u00e9 de la soci\u00e9t\u00e9 KT CREATIONS &amp; CO, nom commercial de la micro-entreprise de C.Esteves, immatricul\u00e9e au Registre [&hellip;]<\/p>\n","protected":false},"author":1,"featured_media":0,"parent":0,"menu_order":0,"comment_status":"closed","ping_status":"closed","template":"elementor_header_footer","meta":{"_acf_changed":false,"footnotes":""},"class_list":["post-14642","page","type-page","status-publish","hentry"],"acf":[],"_links":{"self":[{"href":"https:\/\/www.gemmissime.com\/en\/wp-json\/wp\/v2\/pages\/14642","targetHints":{"allow":["GET"]}}],"collection":[{"href":"https:\/\/www.gemmissime.com\/en\/wp-json\/wp\/v2\/pages"}],"about":[{"href":"https:\/\/www.gemmissime.com\/en\/wp-json\/wp\/v2\/types\/page"}],"author":[{"embeddable":true,"href":"https:\/\/www.gemmissime.com\/en\/wp-json\/wp\/v2\/users\/1"}],"replies":[{"embeddable":true,"href":"https:\/\/www.gemmissime.com\/en\/wp-json\/wp\/v2\/comments?post=14642"}],"version-history":[{"count":111,"href":"https:\/\/www.gemmissime.com\/en\/wp-json\/wp\/v2\/pages\/14642\/revisions"}],"predecessor-version":[{"id":19993,"href":"https:\/\/www.gemmissime.com\/en\/wp-json\/wp\/v2\/pages\/14642\/revisions\/19993"}],"wp:attachment":[{"href":"https:\/\/www.gemmissime.com\/en\/wp-json\/wp\/v2\/media?parent=14642"}],"curies":[{"name":"wp","href":"https:\/\/api.w.org\/{rel}","templated":true}]}}