{"id":3,"date":"2021-12-27T02:19:59","date_gmt":"2021-12-27T02:19:59","guid":{"rendered":"http:\/\/www.gemmissime.com\/?page_id=3"},"modified":"2024-03-15T18:08:05","modified_gmt":"2024-03-15T17:08:05","slug":"confidentialite","status":"publish","type":"page","link":"https:\/\/www.gemmissime.com\/en\/confidentialite\/","title":{"rendered":"Privacy policy"},"content":{"rendered":"<div data-elementor-type=\"wp-page\" data-elementor-id=\"3\" class=\"elementor elementor-3\" data-elementor-post-type=\"page\">\n\t\t\t\t\t\t<section class=\"elementor-section elementor-top-section elementor-element elementor-element-5bdb076 elementor-section-boxed elementor-section-height-default elementor-section-height-default\" data-id=\"5bdb076\" data-element_type=\"section\" data-e-type=\"section\">\r\n\t\t\t\t\t\t<div class=\"elementor-container elementor-column-gap-default jws_section_\" >\r\n\t\t\t\t<div class=\"elementor-column elementor-col-100 elementor-top-column elementor-element elementor-element-305eada8\" data-id=\"305eada8\" data-element_type=\"column\" data-e-type=\"column\">\n\t\t\t<div class=\"elementor-widget-wrap elementor-element-populated\">\n\t\t\t\t\t\t<div class=\"elementor-element elementor-element-4f2fbd95 elementor-widget elementor-widget-heading\" data-id=\"4f2fbd95\" data-element_type=\"widget\" data-e-type=\"widget\" data-widget_type=\"heading.default\">\n\t\t\t\t<div class=\"elementor-widget-container\">\n\t\t\t\t\t<h1 class=\"elementor-heading-title elementor-size-default\">Privacy policy<\/h1>\t\t\t\t<\/div>\n\t\t\t\t<\/div>\n\t\t\t\t<div class=\"elementor-element elementor-element-60d564ac elementor-widget-divider--view-line elementor-widget elementor-widget-divider\" data-id=\"60d564ac\" data-element_type=\"widget\" data-e-type=\"widget\" data-widget_type=\"divider.default\">\n\t\t\t\t<div class=\"elementor-widget-container\">\n\t\t\t\t\t\t\t<div class=\"elementor-divider\">\n\t\t\t<span class=\"elementor-divider-separator\">\n\t\t\t\t\t\t<\/span>\n\t\t<\/div>\n\t\t\t\t\t\t<\/div>\n\t\t\t\t<\/div>\n\t\t\t\t<div class=\"elementor-element elementor-element-30ba1b86 elementor-widget__width-initial elementor-widget elementor-widget-text-editor\" data-id=\"30ba1b86\" data-element_type=\"widget\" data-e-type=\"widget\" data-widget_type=\"text-editor.default\">\n\t\t\t\t<div class=\"elementor-widget-container\">\n\t\t\t\t\t\t\t\t\t<p>Concerned about respecting the right to privacy of our visitors and customers, and the protection of personal data concerning them, we have drafted this confidentiality policy which informs of our procedures for collection, processing and protection of this data resulting from interactions Internet users with the site <a href=\"https:\/\/www.gemmissime.com\/en\/\">Gemmissime.com<\/a>.<\/p>\t\t\t\t\t\t\t\t<\/div>\n\t\t\t\t<\/div>\n\t\t\t\t<div class=\"elementor-element elementor-element-9722f33 elementor-widget__width-initial elementor-widget elementor-widget-heading\" data-id=\"9722f33\" data-element_type=\"widget\" data-e-type=\"widget\" data-widget_type=\"heading.default\">\n\t\t\t\t<div class=\"elementor-widget-container\">\n\t\t\t\t\t<h3 class=\"elementor-heading-title elementor-size-default\">Collected data<\/h3>\t\t\t\t<\/div>\n\t\t\t\t<\/div>\n\t\t\t\t<div class=\"elementor-element elementor-element-c2fbd91 elementor-widget__width-initial elementor-widget elementor-widget-text-editor\" data-id=\"c2fbd91\" data-element_type=\"widget\" data-e-type=\"widget\" data-widget_type=\"text-editor.default\">\n\t\t\t\t<div class=\"elementor-widget-container\">\n\t\t\t\t\t\t\t\t\t<p style=\"margin: 12pt 0cm;\" class=\"translation-block\">The personal information collected on the Gemmissime.com website is as follows:<\/p><ul><li class=\"translation-block\">Account opening: when creating the user's account, their last name, first name, email address, telephone number, postal address<\/li><li class=\"translation-block\">Connection: when the user connects to the gemmissime.com website, the user records, in particular, his or her last name, first name, connection data, usage data, location data and payment data.<\/li><li class=\"translation-block\">Profile: using the services provided on the gemmissime.com website allows you to fill in a profile, which may include a name, first name, address and telephone number<\/li><li class=\"translation-block\">Payment: as part of the payment for products and services offered on the gemmissime.com website, it records financial data relating to the user's bank account or credit card<\/li><li class=\"translation-block\">Cookies: Cookies and similar tracking technologies are used in connection with the use of the site and processed for marketing purposes and personalization of the user experience. The user has the option to deactivate cookies from their browser settings.<\/li><\/ul>\t\t\t\t\t\t\t\t<\/div>\n\t\t\t\t<\/div>\n\t\t\t\t<div class=\"elementor-element elementor-element-47ab574 elementor-widget__width-initial elementor-widget elementor-widget-heading\" data-id=\"47ab574\" data-element_type=\"widget\" data-e-type=\"widget\" data-widget_type=\"heading.default\">\n\t\t\t\t<div class=\"elementor-widget-container\">\n\t\t\t\t\t<h3 class=\"elementor-heading-title elementor-size-default\">Use of personal data<\/h3>\t\t\t\t<\/div>\n\t\t\t\t<\/div>\n\t\t\t\t<div class=\"elementor-element elementor-element-2ab2925 elementor-widget__width-initial elementor-widget elementor-widget-text-editor\" data-id=\"2ab2925\" data-element_type=\"widget\" data-e-type=\"widget\" data-widget_type=\"text-editor.default\">\n\t\t\t\t<div class=\"elementor-widget-container\">\n\t\t\t\t\t\t\t\t\t<p class=\"translation-block\">The personal data collected from users of the gemmissime.com site are intended to provide the website's services, their improvement and the maintenance of a secure environment. More specifically, the uses are as follows:<\/p><ul><li>acc\u00e8s et utilisation du site internet par l&rsquo;utilisateur<\/li><li>management of the operation and optimization of the website<\/li><li>organisation des conditions d&rsquo;utilisation des services de paiement<\/li><li>v\u00e9rification, identification et authentification des donn\u00e9es transmises par l&rsquo;utilisateur<\/li><li>mise en \u0153uvre d&rsquo;une assistance utilisateurs<\/li><li>personnalisation des services en affichant des publicit\u00e9s en fonction de l&rsquo;historique de navigation de l&rsquo;utilisateur, selon ses pr\u00e9f\u00e9rences<\/li><li>prevention and detection of fraud, malware (malicious Software) and management of security incidents<\/li><li>management of possible disputes with users<\/li><li>envoi d&rsquo;informations commerciales et publicitaires, en fonction des pr\u00e9f\u00e9rences de l&rsquo;utilisateur.<\/li><\/ul>\t\t\t\t\t\t\t\t<\/div>\n\t\t\t\t<\/div>\n\t\t\t\t<div class=\"elementor-element elementor-element-8f28d1d elementor-widget__width-initial elementor-widget elementor-widget-heading\" data-id=\"8f28d1d\" data-element_type=\"widget\" data-e-type=\"widget\" data-widget_type=\"heading.default\">\n\t\t\t\t<div class=\"elementor-widget-container\">\n\t\t\t\t\t<h3 class=\"elementor-heading-title elementor-size-default\">Sharing personal data with third parties<\/h3>\t\t\t\t<\/div>\n\t\t\t\t<\/div>\n\t\t\t\t<div class=\"elementor-element elementor-element-63d0101 elementor-widget__width-initial elementor-widget elementor-widget-text-editor\" data-id=\"63d0101\" data-element_type=\"widget\" data-e-type=\"widget\" data-widget_type=\"text-editor.default\">\n\t\t\t\t<div class=\"elementor-widget-container\">\n\t\t\t\t\t\t\t\t\t<p>Personal data may be shared with third party companies in the following cases:<\/p><ul><li class=\"translation-block\">when the user uses payment services for the implementation of these services, the website gemmissime.com is in contact with third-party banking and financial companies with which it has entered into contracts,<\/li><li>when the user publishes information accessible to the public in the free comment areas of the website,<\/li><li>lorsque l&rsquo;utilisateur autorise le site web d&rsquo;un tiers \u00e0 acc\u00e9der \u00e0 ces donn\u00e9es,<\/li><li>lorsque le site web recourt aux services de prestataires pour fournir l&rsquo;assistance utilisateurs, la publicit\u00e9 et les services de paiement. Ces prestataires disposent d&rsquo;un acc\u00e8s limit\u00e9 aux donn\u00e9es de l&rsquo;utilisateur dans le cadre de l&rsquo;ex\u00e9cution de ces prestations et ont une obligation contractuelle de les utiliser en conformit\u00e9 avec les dispositions de la r\u00e9glementation applicable en mati\u00e8re de protection des donn\u00e9es \u00e0 caract\u00e8re personnel,<\/li><li>if required by law, the website may transmit data to follow up on complaints made against the website and to comply with administrative and legal procedures,<\/li><li>if the website is involved in a merger-acquisition transaction, transfer of assets or receivership procedure, it may be required to transfer or share all or part of its assets, including personal data. In this case, users would be informed before personal data is transferred to a third party.<\/li><\/ul>\t\t\t\t\t\t\t\t<\/div>\n\t\t\t\t<\/div>\n\t\t\t\t<div class=\"elementor-element elementor-element-bfd6d6c elementor-widget__width-initial elementor-widget elementor-widget-heading\" data-id=\"bfd6d6c\" data-element_type=\"widget\" data-e-type=\"widget\" data-widget_type=\"heading.default\">\n\t\t\t\t<div class=\"elementor-widget-container\">\n\t\t\t\t\t<h3 class=\"elementor-heading-title elementor-size-default\">Security and Privacy<\/h3>\t\t\t\t<\/div>\n\t\t\t\t<\/div>\n\t\t\t\t<div class=\"elementor-element elementor-element-a629b28 elementor-widget__width-initial elementor-widget elementor-widget-text-editor\" data-id=\"a629b28\" data-element_type=\"widget\" data-e-type=\"widget\" data-widget_type=\"text-editor.default\">\n\t\t\t\t<div class=\"elementor-widget-container\">\n\t\t\t\t\t\t\t\t\t<p class=\"translation-block\">The gemmissime.com website implements organizational, technical, software and physical measures in terms of digital security to protect personal data against alteration, destruction and unauthorized access. However, it should be noted that the Internet is not a completely secure environment and the website cannot guarantee the security and transmission or storage of information on the Internet.<\/p>\t\t\t\t\t\t\t\t<\/div>\n\t\t\t\t<\/div>\n\t\t\t\t<div class=\"elementor-element elementor-element-df03e69 elementor-widget__width-initial elementor-widget elementor-widget-heading\" data-id=\"df03e69\" data-element_type=\"widget\" data-e-type=\"widget\" data-widget_type=\"heading.default\">\n\t\t\t\t<div class=\"elementor-widget-container\">\n\t\t\t\t\t<h3 class=\"elementor-heading-title elementor-size-default\">Implementation of user rights<\/h3>\t\t\t\t<\/div>\n\t\t\t\t<\/div>\n\t\t\t\t<div class=\"elementor-element elementor-element-d9c1467 elementor-widget__width-initial elementor-widget elementor-widget-text-editor\" data-id=\"d9c1467\" data-element_type=\"widget\" data-e-type=\"widget\" data-widget_type=\"text-editor.default\">\n\t\t\t\t<div class=\"elementor-widget-container\">\n\t\t\t\t\t\t\t\t\t<p>En application de la r\u00e9glementation applicable aux donn\u00e9es \u00e0 caract\u00e8re personnel, les utilisateurs disposent des droits suivants, qu&rsquo;ils peuvent exercer en faisant leur demande \u00e0 l&rsquo;adresse suivante : <a href=\"mailto:hello@gemmissime.com\">hello@gemmissime.com<\/a>.<\/p><ul><li class=\"translation-block\">the right of access: they can exercise their access rights, to know the personal data concerning them. In this case, before implementing this right, the website gemmissime.com may request proof of the user's identity in order to verify its accuracy.<\/li><li class=\"translation-block\">the right to rectification: if the personal data held by the gemmissime.com website is inaccurate, they can request the information to be updated by writing to hello@gemmissime.com.<\/li><li>le droit de suppression des donn\u00e9es : les utilisateurs peuvent demander la suppression de leurs donn\u00e9es \u00e0 caract\u00e8re personnel, conform\u00e9ment aux lois applicables en mati\u00e8re de protection des donn\u00e9es.<\/li><li>the right to limitation of processing: users can ask the website to limit the processing of personal data in accordance with the hypotheses provided for by the GDPR.<\/li><li>le droit de s&rsquo;opposer au traitement des donn\u00e9es\u00a0: les utilisateurs peuvent s&rsquo;opposer \u00e0 ce que ses donn\u00e9es soit trait\u00e9es conform\u00e9ment aux hypoth\u00e8ses pr\u00e9vues par le RGPD.<\/li><\/ul>\t\t\t\t\t\t\t\t<\/div>\n\t\t\t\t<\/div>\n\t\t\t\t<div class=\"elementor-element elementor-element-5c8bca4 elementor-widget__width-initial elementor-widget elementor-widget-heading\" data-id=\"5c8bca4\" data-element_type=\"widget\" data-e-type=\"widget\" data-widget_type=\"heading.default\">\n\t\t\t\t<div class=\"elementor-widget-container\">\n\t\t\t\t\t<h3 class=\"elementor-heading-title elementor-size-default\">Evolution of this clause<\/h3>\t\t\t\t<\/div>\n\t\t\t\t<\/div>\n\t\t\t\t<div class=\"elementor-element elementor-element-3be2a1d elementor-widget__width-initial elementor-widget elementor-widget-text-editor\" data-id=\"3be2a1d\" data-element_type=\"widget\" data-e-type=\"widget\" data-widget_type=\"text-editor.default\">\n\t\t\t\t<div class=\"elementor-widget-container\">\n\t\t\t\t\t\t\t\t\t<p class=\"translation-block\">The website gemmissime.com reserves the right to make any modification to this clause relating to the confidentiality policy and the protection of personal data at any time. If a modification is made to this personal data protection clause, the website undertakes to publish the new version on its website gemmissime.com. The website will also inform users of the modification by email within a minimum of 15 days before the effective date. If the user does not agree with the terms of the new wording of the personal data protection clause, he has the possibility of requesting the deletion of his account via his user account, by making the request by electronically at hello@gemmissime.com or by using the contact form available on the Contact Us page.<\/p>\t\t\t\t\t\t\t\t<\/div>\n\t\t\t\t<\/div>\n\t\t\t\t\t<\/div>\n\t\t<\/div>\n\t\t\t\t      \r\n            \r\n              \r\n            \r\n            \t\r\n\t\t\t<\/div>\r\n\t\t<\/section>\r\n\t\t\t\t<section class=\"elementor-section elementor-top-section elementor-element elementor-element-5a44080 elementor-hidden-tablet elementor-hidden-mobile elementor-section-boxed elementor-section-height-default elementor-section-height-default\" data-id=\"5a44080\" data-element_type=\"section\" data-e-type=\"section\">\r\n\t\t\t\t\t\t<div class=\"elementor-container elementor-column-gap-default jws_section_\" >\r\n\t\t\t\t<div class=\"elementor-column elementor-col-33 elementor-top-column elementor-element elementor-element-3fd583e\" data-id=\"3fd583e\" data-element_type=\"column\" data-e-type=\"column\">\n\t\t\t<div class=\"elementor-widget-wrap elementor-element-populated\">\n\t\t\t\t\t\t<div class=\"elementor-element elementor-element-012374c elementor-invisible elementor-widget elementor-widget-jws_info_box\" data-id=\"012374c\" data-element_type=\"widget\" data-e-type=\"widget\" data-settings=\"{&quot;align&quot;:&quot;center&quot;,&quot;_animation&quot;:&quot;fadeInUp&quot;}\" data-widget_type=\"jws_info_box.default\">\n\t\t\t\t<div class=\"elementor-widget-container\">\n\t\t\t\t\t            <div class=\"jws-info-box layout2\">\r\n                <div class=\"jws-info-box-inner\">\r\n                    <a href=\"https:\/\/www.gemmissime.com\/en\/faq\/\" >\r\n    <div class=\"box-icon\">\r\n        <span><\/span>\r\n        <svg xmlns=\"http:\/\/www.w3.org\/2000\/svg\" width=\"32\" height=\"32\" viewbox=\"0 0 32 32\" fill=\"none\"><path d=\"M6.80761 25.1924C5.65711 24.0419 6.42019 21.6265 5.8346 20.2111C5.22755 18.744 3 17.5631 3 16C3 14.4368 5.22756 13.256 5.8346 11.7888C6.4202 10.3735 5.65711 7.95811 6.80761 6.80761C7.95811 5.65711 10.3735 6.42019 11.7889 5.8346C13.256 5.22755 14.4369 3 16 3C17.5632 3 18.744 5.22756 20.2112 5.8346C21.6265 6.4202 24.0419 5.65711 25.1924 6.80761C26.3429 7.95811 25.5798 10.3735 26.1654 11.7889C26.7725 13.256 29 14.4369 29 16C29 17.5632 26.7724 18.744 26.1654 20.2112C25.5798 21.6265 26.3429 24.0419 25.1924 25.1924C24.0419 26.3429 21.6265 25.5798 20.2111 26.1654C18.744 26.7725 17.5631 29 16 29C14.4368 29 13.256 26.7724 11.7888 26.1654C10.3735 25.5798 7.95811 26.3429 6.80761 25.1924Z\" stroke=\"#040202\" stroke-width=\"2\" stroke-linecap=\"round\" stroke-linejoin=\"round\"><\/path><path d=\"M16 24C16.8284 24 17.5 23.3284 17.5 22.5C17.5 21.6716 16.8284 21 16 21C15.1716 21 14.5 21.6716 14.5 22.5C14.5 23.3284 15.1716 24 16 24Z\" fill=\"#040202\"><\/path><path d=\"M16 18.001V17.001C16.6922 17.001 17.3689 16.7957 17.9445 16.4111C18.5201 16.0265 18.9687 15.4799 19.2336 14.8404C19.4985 14.2008 19.5678 13.4971 19.4327 12.8182C19.2977 12.1392 18.9644 11.5156 18.4749 11.0261C17.9854 10.5366 17.3618 10.2033 16.6828 10.0682C16.0039 9.93318 15.3001 10.0025 14.6606 10.2674C14.0211 10.5323 13.4744 10.9809 13.0899 11.5565C12.7053 12.1321 12.5 12.8087 12.5 13.501\" stroke=\"#040202\" stroke-width=\"2\" stroke-linecap=\"round\" stroke-linejoin=\"round\"><\/path><\/svg>  \r\n    <\/div>\r\n    <div class=\"box-title\">\r\n        Any question about your order?    <\/div>\r\n    <div class=\"box-content\">\r\n        <p>Read our dedicated page<\/p>    <\/div>\r\n    <div class=\"box-more\">\r\n       TO \"FAQ\" PAGE<i class=\"jws-icon-arrow-up-right-thin\"><\/i>\r\n    <\/div>\r\n<\/a>                <\/div>\r\n            <\/div>\r\n        \t\t\t\t<\/div>\n\t\t\t\t<\/div>\n\t\t\t\t\t<\/div>\n\t\t<\/div>\n\t\t\t\t<div class=\"elementor-column elementor-col-33 elementor-top-column elementor-element elementor-element-48adcce\" data-id=\"48adcce\" data-element_type=\"column\" data-e-type=\"column\">\n\t\t\t<div class=\"elementor-widget-wrap elementor-element-populated\">\n\t\t\t\t\t\t<div class=\"elementor-element elementor-element-41a7301 elementor-invisible elementor-widget elementor-widget-jws_info_box\" data-id=\"41a7301\" data-element_type=\"widget\" data-e-type=\"widget\" data-settings=\"{&quot;align&quot;:&quot;center&quot;,&quot;_animation&quot;:&quot;fadeInUp&quot;}\" data-widget_type=\"jws_info_box.default\">\n\t\t\t\t<div class=\"elementor-widget-container\">\n\t\t\t\t\t            <div class=\"jws-info-box layout2\">\r\n                <div class=\"jws-info-box-inner\">\r\n                    <a href=\"https:\/\/www.gemmissime.com\/en\/contact\/\" >\r\n    <div class=\"box-icon\">\r\n        <span><\/span>\r\n        <svg xmlns=\"http:\/\/www.w3.org\/2000\/svg\" width=\"32\" height=\"32\" viewbox=\"0 0 32 32\" fill=\"none\"><path d=\"M28 7L16 18L4 7\" stroke=\"#040202\" stroke-width=\"2\" stroke-linecap=\"round\" stroke-linejoin=\"round\"><\/path><path d=\"M4 7H28V24C28 24.2652 27.8946 24.5196 27.7071 24.7071C27.5196 24.8946 27.2652 25 27 25H5C4.73478 25 4.48043 24.8946 4.29289 24.7071C4.10536 24.5196 4 24.2652 4 24V7Z\" stroke=\"#040202\" stroke-width=\"2\" stroke-linecap=\"round\" stroke-linejoin=\"round\"><\/path><path d=\"M13.8184 16L4.30859 24.7174\" stroke=\"#040202\" stroke-width=\"2\" stroke-linecap=\"round\" stroke-linejoin=\"round\"><\/path><path d=\"M27.6916 24.7175L18.1816 16\" stroke=\"#040202\" stroke-width=\"2\" stroke-linecap=\"round\" stroke-linejoin=\"round\"><\/path><\/svg>  \r\n    <\/div>\r\n    <div class=\"box-title\">\r\n        Gemmissime &amp; You    <\/div>\r\n    <div class=\"box-content\">\r\n        <p>Our customer service is available to help you 6 days a week<\/p>    <\/div>\r\n    <div class=\"box-more\">\r\n       TO \"CONTACT US\"<i class=\"jws-icon-arrow-up-right-thin\"><\/i>\r\n    <\/div>\r\n<\/a>                <\/div>\r\n            <\/div>\r\n        \t\t\t\t<\/div>\n\t\t\t\t<\/div>\n\t\t\t\t\t<\/div>\n\t\t<\/div>\n\t\t\t\t<div class=\"elementor-column elementor-col-33 elementor-top-column elementor-element elementor-element-2efccc4\" data-id=\"2efccc4\" data-element_type=\"column\" data-e-type=\"column\">\n\t\t\t<div class=\"elementor-widget-wrap elementor-element-populated\">\n\t\t\t\t\t\t<div class=\"elementor-element elementor-element-0894b4c elementor-invisible elementor-widget elementor-widget-jws_info_box\" data-id=\"0894b4c\" data-element_type=\"widget\" data-e-type=\"widget\" data-settings=\"{&quot;align&quot;:&quot;center&quot;,&quot;_animation&quot;:&quot;fadeInUp&quot;}\" data-widget_type=\"jws_info_box.default\">\n\t\t\t\t<div class=\"elementor-widget-container\">\n\t\t\t\t\t            <div class=\"jws-info-box layout2\">\r\n                <div class=\"jws-info-box-inner\">\r\n                    <a href=\"https:\/\/www.gemmissime.com\/en\/produits\/carte-cadeau\/\" >\r\n    <div class=\"box-icon\">\r\n        <span><\/span>\r\n        <svg xmlns=\"http:\/\/www.w3.org\/2000\/svg\" width=\"32\" height=\"32\" viewbox=\"0 0 32 32\" fill=\"none\"><path d=\"M17.3404 21.933L14.9383 28.453C14.8676 28.6449 14.7397 28.8106 14.5719 28.9276C14.4041 29.0446 14.2045 29.1073 13.9999 29.1073C13.7954 29.1073 13.5958 29.0446 13.428 28.9276C13.2602 28.8106 13.1323 28.6449 13.0616 28.453L10.6595 21.933C10.6095 21.7972 10.5306 21.6739 10.4283 21.5716C10.3259 21.4693 10.2026 21.3904 10.0669 21.3404L3.54687 18.9383C3.35493 18.8676 3.1893 18.7397 3.0723 18.5719C2.95531 18.4041 2.89258 18.2045 2.89258 17.9999C2.89258 17.7954 2.95531 17.5958 3.0723 17.428C3.1893 17.2602 3.35493 17.1323 3.54687 17.0616L10.0669 14.6595C10.2026 14.6095 10.3259 14.5306 10.4283 14.4283C10.5306 14.3259 10.6095 14.2026 10.6595 14.0669L13.0616 7.54687C13.1323 7.35493 13.2602 7.1893 13.428 7.0723C13.5958 6.95531 13.7954 6.89258 13.9999 6.89258C14.2045 6.89258 14.4041 6.95531 14.5719 7.0723C14.7397 7.1893 14.8676 7.35493 14.9383 7.54687L17.3404 14.0669C17.3904 14.2026 17.4693 14.3259 17.5716 14.4283C17.6739 14.5306 17.7972 14.6095 17.933 14.6595L24.453 17.0616C24.6449 17.1323 24.8106 17.2602 24.9276 17.428C25.0446 17.5958 25.1073 17.7954 25.1073 17.9999C25.1073 18.2045 25.0446 18.4041 24.9276 18.5719C24.8106 18.7397 24.6449 18.8676 24.453 18.9383L17.933 21.3404C17.7972 21.3904 17.6739 21.4693 17.5716 21.5716C17.4693 21.6739 17.3904 21.7972 17.3404 21.933V21.933Z\" stroke=\"#040202\" stroke-width=\"2\" stroke-linecap=\"round\" stroke-linejoin=\"round\"><\/path><path d=\"M22 2V8\" stroke=\"#040202\" stroke-width=\"2\" stroke-linecap=\"round\" stroke-linejoin=\"round\"><\/path><path d=\"M25 5H19\" stroke=\"#040202\" stroke-width=\"2\" stroke-linecap=\"round\" stroke-linejoin=\"round\"><\/path><path d=\"M28 9V13\" stroke=\"#040202\" stroke-width=\"2\" stroke-linecap=\"round\" stroke-linejoin=\"round\"><\/path><path d=\"M30 11H26\" stroke=\"#040202\" stroke-width=\"2\" stroke-linecap=\"round\" stroke-linejoin=\"round\"><\/path><\/svg>  \r\n    <\/div>\r\n    <div class=\"box-title\">\r\n        Needing inspiration?    <\/div>\r\n    <div class=\"box-content\">\r\n        <div class=\"MUxGbd yDYNvb lyLwlc aLF0Z OSrXXb\">Be sure to please your dear ones with a Gemmissime E-gift card<\/div>    <\/div>\r\n    <div class=\"box-more\">\r\n       TO \"E-GIFT CARD\"<i class=\"jws-icon-arrow-up-right-thin\"><\/i>\r\n    <\/div>\r\n<\/a>                <\/div>\r\n            <\/div>\r\n        \t\t\t\t<\/div>\n\t\t\t\t<\/div>\n\t\t\t\t\t<\/div>\n\t\t<\/div>\n\t\t\t\t      \r\n            \r\n              \r\n            \r\n            \t\r\n\t\t\t<\/div>\r\n\t\t<\/section>\r\n\t\t\t\t<\/div>","protected":false},"excerpt":{"rendered":"<p>Politique de confidentialit\u00e9 Soucieux du bon respect du droit \u00e0 la vie priv\u00e9e de nos visiteurs et clients, et de la protection des donn\u00e9es personnelles les concernant, nous avons r\u00e9dig\u00e9 cette politique de confidentialit\u00e9 qui informe de nos proc\u00e9dures de collecte, traitement et protection de ces donn\u00e9es issues des interactions des internautes avec le site [&hellip;]<\/p>\n","protected":false},"author":1,"featured_media":0,"parent":0,"menu_order":0,"comment_status":"closed","ping_status":"open","template":"","meta":{"_acf_changed":false,"footnotes":""},"class_list":["post-3","page","type-page","status-publish","hentry"],"acf":[],"_links":{"self":[{"href":"https:\/\/www.gemmissime.com\/en\/wp-json\/wp\/v2\/pages\/3","targetHints":{"allow":["GET"]}}],"collection":[{"href":"https:\/\/www.gemmissime.com\/en\/wp-json\/wp\/v2\/pages"}],"about":[{"href":"https:\/\/www.gemmissime.com\/en\/wp-json\/wp\/v2\/types\/page"}],"author":[{"embeddable":true,"href":"https:\/\/www.gemmissime.com\/en\/wp-json\/wp\/v2\/users\/1"}],"replies":[{"embeddable":true,"href":"https:\/\/www.gemmissime.com\/en\/wp-json\/wp\/v2\/comments?post=3"}],"version-history":[{"count":134,"href":"https:\/\/www.gemmissime.com\/en\/wp-json\/wp\/v2\/pages\/3\/revisions"}],"predecessor-version":[{"id":19999,"href":"https:\/\/www.gemmissime.com\/en\/wp-json\/wp\/v2\/pages\/3\/revisions\/19999"}],"wp:attachment":[{"href":"https:\/\/www.gemmissime.com\/en\/wp-json\/wp\/v2\/media?parent=3"}],"curies":[{"name":"wp","href":"https:\/\/api.w.org\/{rel}","templated":true}]}}