{"id":14852,"date":"2023-08-30T09:32:07","date_gmt":"2023-08-30T07:32:07","guid":{"rendered":"https:\/\/www.gemmissime.com\/?post_type=product&#038;p=14852"},"modified":"2026-02-03T22:39:02","modified_gmt":"2026-02-03T21:39:02","slug":"pendentif-saphir-jaune-perle-quartz","status":"publish","type":"product","link":"https:\/\/www.gemmissime.com\/en\/pendentif-saphir-jaune-perle-quartz\/","title":{"rendered":"Yellow Sapphire, Keishi Pearl and Crystal Quartz Pendant Necklace"},"content":{"rendered":"<p>Necklace <strong>pendentif saphir<\/strong> jaune orn\u00e9 d&rsquo;un imposant Cristal de Roche de forme poire d&rsquo;environ 25 mm, surmont\u00e9 d&rsquo;une nu\u00e9e de \u00ab\u00a0fleurs\u00a0\u00bb de perles Keishi et de Saphirs jaunes. Des rondelles micro facett\u00e9es de scapolite jaune agr\u00e9mentent la cha\u00eene.<br \/>\nF\u00e9minin et original, ce collier sera parfait sur une tenue appr\u00eat\u00e9e.<\/p>","protected":false},"excerpt":{"rendered":"<p>Natural gemstones | Golden metal<\/p>","protected":false},"featured_media":15282,"comment_status":"open","ping_status":"closed","template":"","meta":{"_acf_changed":false},"product_brand":[],"product_cat":[142],"product_tag":[229,236,226,239,268,252],"class_list":{"0":"post-14852","1":"product","2":"type-product","3":"status-publish","4":"has-post-thumbnail","6":"product_cat-collection-gemmissime","7":"product_tag-collier","8":"product_tag-court","9":"product_tag-dore","10":"product_tag-jaune","11":"product_tag-plus-de-100e","12":"product_tag-saphir","13":"pa_couleur-jaune","15":"first","16":"instock","17":"purchasable","18":"product-type-simple"},"acf":[],"_links":{"self":[{"href":"https:\/\/www.gemmissime.com\/en\/wp-json\/wp\/v2\/product\/14852","targetHints":{"allow":["GET"]}}],"collection":[{"href":"https:\/\/www.gemmissime.com\/en\/wp-json\/wp\/v2\/product"}],"about":[{"href":"https:\/\/www.gemmissime.com\/en\/wp-json\/wp\/v2\/types\/product"}],"replies":[{"embeddable":true,"href":"https:\/\/www.gemmissime.com\/en\/wp-json\/wp\/v2\/comments?post=14852"}],"version-history":[{"count":3,"href":"https:\/\/www.gemmissime.com\/en\/wp-json\/wp\/v2\/product\/14852\/revisions"}],"predecessor-version":[{"id":18515,"href":"https:\/\/www.gemmissime.com\/en\/wp-json\/wp\/v2\/product\/14852\/revisions\/18515"}],"wp:featuredmedia":[{"embeddable":true,"href":"https:\/\/www.gemmissime.com\/en\/wp-json\/wp\/v2\/media\/15282"}],"wp:attachment":[{"href":"https:\/\/www.gemmissime.com\/en\/wp-json\/wp\/v2\/media?parent=14852"}],"wp:term":[{"taxonomy":"product_brand","embeddable":true,"href":"https:\/\/www.gemmissime.com\/en\/wp-json\/wp\/v2\/product_brand?post=14852"},{"taxonomy":"product_cat","embeddable":true,"href":"https:\/\/www.gemmissime.com\/en\/wp-json\/wp\/v2\/product_cat?post=14852"},{"taxonomy":"product_tag","embeddable":true,"href":"https:\/\/www.gemmissime.com\/en\/wp-json\/wp\/v2\/product_tag?post=14852"}],"curies":[{"name":"wp","href":"https:\/\/api.w.org\/{rel}","templated":true}]}}