{"id":14858,"date":"2023-08-30T09:32:07","date_gmt":"2023-08-30T07:32:07","guid":{"rendered":"https:\/\/www.gemmissime.com\/?post_type=product&#038;p=14858"},"modified":"2026-02-03T22:39:04","modified_gmt":"2026-02-03T21:39:04","slug":"collier-quartz-fume-apatite","status":"publish","type":"product","link":"https:\/\/www.gemmissime.com\/en\/collier-quartz-fume-apatite\/","title":{"rendered":"Smoky Quartz and Apatite Precious Necklace"},"content":{"rendered":"<p>Collier orn\u00e9 de perles rectangulaires facett\u00e9es de <strong>Smoky Quartz<\/strong> d&rsquo;environ 1 cm, rehauss\u00e9es de rondelles d&rsquo;apatite d&rsquo;un bleu ciel vibrant, en alternance avec des rondelles d&rsquo;apatite bleue et de quartz fum\u00e9. Un bijou raffin\u00e9, enti\u00e8rement fait main avec des gemmes de grande qualit\u00e9, dans une \u00e9l\u00e9gante forme rectangulaire rarement propos\u00e9e et qui sera du plus bel effet sur une tenue appr\u00eat\u00e9e. Une cr\u00e9ation \u00a0\u00bb <strong>chocolat-turquoise \u00a0\u00bb <\/strong>pr\u00e9cieuse et originale.<\/p>","protected":false},"excerpt":{"rendered":"<p>Natural gemstones | Golden metal<\/p>","protected":false},"featured_media":15238,"comment_status":"open","ping_status":"closed","template":"","meta":{"_acf_changed":false},"product_brand":[],"product_cat":[142],"product_tag":[234,229,236,226,268,233],"class_list":{"0":"post-14858","1":"product","2":"type-product","3":"status-publish","4":"has-post-thumbnail","6":"product_cat-collection-gemmissime","7":"product_tag-brun","8":"product_tag-collier","9":"product_tag-court","10":"product_tag-dore","11":"product_tag-plus-de-100e","12":"product_tag-quartz-fume","13":"pa_couleur-brun","15":"first","16":"instock","17":"purchasable","18":"product-type-simple"},"acf":[],"_links":{"self":[{"href":"https:\/\/www.gemmissime.com\/en\/wp-json\/wp\/v2\/product\/14858","targetHints":{"allow":["GET"]}}],"collection":[{"href":"https:\/\/www.gemmissime.com\/en\/wp-json\/wp\/v2\/product"}],"about":[{"href":"https:\/\/www.gemmissime.com\/en\/wp-json\/wp\/v2\/types\/product"}],"replies":[{"embeddable":true,"href":"https:\/\/www.gemmissime.com\/en\/wp-json\/wp\/v2\/comments?post=14858"}],"version-history":[{"count":3,"href":"https:\/\/www.gemmissime.com\/en\/wp-json\/wp\/v2\/product\/14858\/revisions"}],"predecessor-version":[{"id":18526,"href":"https:\/\/www.gemmissime.com\/en\/wp-json\/wp\/v2\/product\/14858\/revisions\/18526"}],"wp:featuredmedia":[{"embeddable":true,"href":"https:\/\/www.gemmissime.com\/en\/wp-json\/wp\/v2\/media\/15238"}],"wp:attachment":[{"href":"https:\/\/www.gemmissime.com\/en\/wp-json\/wp\/v2\/media?parent=14858"}],"wp:term":[{"taxonomy":"product_brand","embeddable":true,"href":"https:\/\/www.gemmissime.com\/en\/wp-json\/wp\/v2\/product_brand?post=14858"},{"taxonomy":"product_cat","embeddable":true,"href":"https:\/\/www.gemmissime.com\/en\/wp-json\/wp\/v2\/product_cat?post=14858"},{"taxonomy":"product_tag","embeddable":true,"href":"https:\/\/www.gemmissime.com\/en\/wp-json\/wp\/v2\/product_tag?post=14858"}],"curies":[{"name":"wp","href":"https:\/\/api.w.org\/{rel}","templated":true}]}}