{"id":14862,"date":"2023-08-30T09:32:07","date_gmt":"2023-08-30T07:32:07","guid":{"rendered":"https:\/\/www.gemmissime.com\/?post_type=product&#038;p=14862"},"modified":"2026-02-03T22:25:18","modified_gmt":"2026-02-03T21:25:18","slug":"bague-ajustable-acier-rond-peridot-quartz","status":"publish","type":"product","link":"https:\/\/www.gemmissime.com\/en\/bague-ajustable-acier-rond-peridot-quartz\/","title":{"rendered":"Bague ajustable \u00ab\u00a0Ronde de Gemmes\u00a0\u00bb P\u00e9ridot et Cristal de roche"},"content":{"rendered":"<p>Bague ajustable acier inoxydable dont le motif rond est orn\u00e9 de perles de P\u00e9ridot et de Cristal de roche en alternance. Un petit bijou f\u00e9minin et original, qui s&rsquo;adaptera facilement \u00e0 toute taille de doigt. Id\u00e9al \u00e0 offrir \u00e0 l&rsquo;occasion d&rsquo;un anniversaire ou d&rsquo;une f\u00eate des (grands) m\u00e8res par exemple, pour signifier son affection \u00e0 une s\u0153ur ou une amie, ou juste pour se faire plaisir!<\/p>","protected":false},"excerpt":{"rendered":"<p>Natural Gemstones | Stainless steel<\/p>","protected":false},"featured_media":14997,"comment_status":"open","ping_status":"closed","template":"","meta":{"_acf_changed":false},"product_brand":[],"product_cat":[135],"product_tag":[222,226,225,251,248],"class_list":{"0":"post-14862","1":"product","2":"type-product","3":"status-publish","4":"has-post-thumbnail","6":"product_cat-bague-rond","7":"product_tag-bague","8":"product_tag-dore","9":"product_tag-moins-de-50e","10":"product_tag-peridot","11":"product_tag-vert","12":"pa_couleur-vert","14":"first","15":"instock","16":"purchasable","17":"product-type-simple"},"acf":[],"_links":{"self":[{"href":"https:\/\/www.gemmissime.com\/en\/wp-json\/wp\/v2\/product\/14862","targetHints":{"allow":["GET"]}}],"collection":[{"href":"https:\/\/www.gemmissime.com\/en\/wp-json\/wp\/v2\/product"}],"about":[{"href":"https:\/\/www.gemmissime.com\/en\/wp-json\/wp\/v2\/types\/product"}],"replies":[{"embeddable":true,"href":"https:\/\/www.gemmissime.com\/en\/wp-json\/wp\/v2\/comments?post=14862"}],"version-history":[{"count":3,"href":"https:\/\/www.gemmissime.com\/en\/wp-json\/wp\/v2\/product\/14862\/revisions"}],"predecessor-version":[{"id":18439,"href":"https:\/\/www.gemmissime.com\/en\/wp-json\/wp\/v2\/product\/14862\/revisions\/18439"}],"wp:featuredmedia":[{"embeddable":true,"href":"https:\/\/www.gemmissime.com\/en\/wp-json\/wp\/v2\/media\/14997"}],"wp:attachment":[{"href":"https:\/\/www.gemmissime.com\/en\/wp-json\/wp\/v2\/media?parent=14862"}],"wp:term":[{"taxonomy":"product_brand","embeddable":true,"href":"https:\/\/www.gemmissime.com\/en\/wp-json\/wp\/v2\/product_brand?post=14862"},{"taxonomy":"product_cat","embeddable":true,"href":"https:\/\/www.gemmissime.com\/en\/wp-json\/wp\/v2\/product_cat?post=14862"},{"taxonomy":"product_tag","embeddable":true,"href":"https:\/\/www.gemmissime.com\/en\/wp-json\/wp\/v2\/product_tag?post=14862"}],"curies":[{"name":"wp","href":"https:\/\/api.w.org\/{rel}","templated":true}]}}