{"id":14870,"date":"2023-08-30T09:32:08","date_gmt":"2023-08-30T07:32:08","guid":{"rendered":"https:\/\/www.gemmissime.com\/produit\/bague-ajustable-boule-de-gemmes-apatite-bleue\/"},"modified":"2026-02-03T22:25:17","modified_gmt":"2026-02-03T21:25:17","slug":"bague-acier-dore-ajustable-boule-apatite","status":"publish","type":"product","link":"https:\/\/www.gemmissime.com\/en\/bague-acier-dore-ajustable-boule-apatite\/","title":{"rendered":"Bague ajustable \u00ab\u00a0Boule de Gemmes\u00a0\u00bb Apatite bleue &#8211; Acier dor\u00e9"},"content":{"rendered":"<p><strong>Bague acier dor\u00e9, ajustable<\/strong> \u00e0 toute taille de doigt, orn\u00e9e d&rsquo;une <strong>boule de gemmes<\/strong> r\u00e9alis\u00e9e avec des perles d&rsquo;Apatite d&rsquo;un joli bleu ciel. Les perles d&rsquo;Apatite sont tiss\u00e9es autour d&rsquo;une perle ronde de cristal de roche (ou autre gemme selon la disponibilit\u00e9) qui permet de maintenir la forme de la \u00ab\u00a0boule\u00a0\u00bb lorsque la bague est port\u00e9e. La boule est accentu\u00e9e par deux petites perles de cristal de roche qui finissent \u00e9l\u00e9gamment ce petit bijou. Un bijou f\u00e9minin et original, id\u00e9al \u00e0 offrir \u00e0 l&rsquo;occasion d&rsquo;un anniversaire ou d&rsquo;une f\u00eate des (grands) m\u00e8res par exemple, pour signifier son affection \u00e0 une s\u0153ur ou une amie, ou juste pour se faire plaisir!<\/p>","protected":false},"excerpt":{"rendered":"<p>Natural Gemstones | Stainless steel<\/p>","protected":false},"featured_media":17612,"comment_status":"open","ping_status":"closed","template":"","meta":{"_acf_changed":false},"product_brand":[],"product_cat":[136],"product_tag":[223,222,224,226,225],"class_list":{"0":"post-14870","1":"product","2":"type-product","3":"status-publish","4":"has-post-thumbnail","6":"product_cat-bague-boule","7":"product_tag-apatite","8":"product_tag-bague","9":"product_tag-bleu","10":"product_tag-dore","11":"product_tag-moins-de-50e","12":"pa_couleur-bleu","14":"first","15":"outofstock","16":"purchasable","17":"product-type-simple"},"acf":[],"_links":{"self":[{"href":"https:\/\/www.gemmissime.com\/en\/wp-json\/wp\/v2\/product\/14870","targetHints":{"allow":["GET"]}}],"collection":[{"href":"https:\/\/www.gemmissime.com\/en\/wp-json\/wp\/v2\/product"}],"about":[{"href":"https:\/\/www.gemmissime.com\/en\/wp-json\/wp\/v2\/types\/product"}],"replies":[{"embeddable":true,"href":"https:\/\/www.gemmissime.com\/en\/wp-json\/wp\/v2\/comments?post=14870"}],"version-history":[{"count":5,"href":"https:\/\/www.gemmissime.com\/en\/wp-json\/wp\/v2\/product\/14870\/revisions"}],"predecessor-version":[{"id":18433,"href":"https:\/\/www.gemmissime.com\/en\/wp-json\/wp\/v2\/product\/14870\/revisions\/18433"}],"wp:featuredmedia":[{"embeddable":true,"href":"https:\/\/www.gemmissime.com\/en\/wp-json\/wp\/v2\/media\/17612"}],"wp:attachment":[{"href":"https:\/\/www.gemmissime.com\/en\/wp-json\/wp\/v2\/media?parent=14870"}],"wp:term":[{"taxonomy":"product_brand","embeddable":true,"href":"https:\/\/www.gemmissime.com\/en\/wp-json\/wp\/v2\/product_brand?post=14870"},{"taxonomy":"product_cat","embeddable":true,"href":"https:\/\/www.gemmissime.com\/en\/wp-json\/wp\/v2\/product_cat?post=14870"},{"taxonomy":"product_tag","embeddable":true,"href":"https:\/\/www.gemmissime.com\/en\/wp-json\/wp\/v2\/product_tag?post=14870"}],"curies":[{"name":"wp","href":"https:\/\/api.w.org\/{rel}","templated":true}]}}