{"id":14897,"date":"2023-08-30T09:32:24","date_gmt":"2023-08-30T07:32:24","guid":{"rendered":"https:\/\/www.gemmissime.com\/?post_type=product&#038;p=14897"},"modified":"2026-02-03T22:37:36","modified_gmt":"2026-02-03T21:37:36","slug":"ras-de-cou-7-chakras-b","status":"publish","type":"product","link":"https:\/\/www.gemmissime.com\/en\/ras-de-cou-7-chakras-b\/","title":{"rendered":"Ras de cou \u00a0\u00bb 7 Chakras \u00a0\u00bb &#8211; Collier minimaliste arc-en ciel &#8211; Mod\u00e8le B"},"content":{"rendered":"<p><strong>Collier court<\/strong> type <strong>ras de cou<\/strong>, orn\u00e9 d&rsquo;un fin motif \u00a0\u00bb arc-en-ciel \u00ab\u00a0, compos\u00e9 de 7 pi\u00e8ces \u00e0 facettes repr\u00e9sentant chacune l&rsquo;un des <strong>7 chakras<\/strong>, en alternance avec de petites perles de cristal de roche. <strong>Cr\u00e9ation artisanale<\/strong> en s\u00e9rie limit\u00e9e. D\u00e9tail des gemmes : grenat (rouge), pierre de soleil (orange), citrine (jaune), p\u00e9ridot (vert), apatite (bleu), iolite (indigo), am\u00e9thyste (violet). Un joli bijou qui allie \u00e9l\u00e9gance, f\u00e9minit\u00e9 et \u00e9quilibre au quotidien.<\/p>","protected":false},"excerpt":{"rendered":"<p>Natural gemstones | Golden metal<\/p>","protected":false},"featured_media":15795,"comment_status":"open","ping_status":"closed","template":"","meta":{"_acf_changed":false},"product_brand":[],"product_cat":[141],"product_tag":[229,236,231,226,262,254],"class_list":{"0":"post-14897","1":"product","2":"type-product","3":"status-publish","4":"has-post-thumbnail","6":"product_cat-7-chakras","7":"product_tag-collier","8":"product_tag-court","9":"product_tag-de-50-a-100e","10":"product_tag-dore","11":"product_tag-multi-gemmes","12":"product_tag-multicolore","13":"pa_couleur-multicolore","15":"first","16":"instock","17":"purchasable","18":"product-type-simple"},"acf":[],"_links":{"self":[{"href":"https:\/\/www.gemmissime.com\/en\/wp-json\/wp\/v2\/product\/14897","targetHints":{"allow":["GET"]}}],"collection":[{"href":"https:\/\/www.gemmissime.com\/en\/wp-json\/wp\/v2\/product"}],"about":[{"href":"https:\/\/www.gemmissime.com\/en\/wp-json\/wp\/v2\/types\/product"}],"replies":[{"embeddable":true,"href":"https:\/\/www.gemmissime.com\/en\/wp-json\/wp\/v2\/comments?post=14897"}],"version-history":[{"count":3,"href":"https:\/\/www.gemmissime.com\/en\/wp-json\/wp\/v2\/product\/14897\/revisions"}],"predecessor-version":[{"id":18461,"href":"https:\/\/www.gemmissime.com\/en\/wp-json\/wp\/v2\/product\/14897\/revisions\/18461"}],"wp:featuredmedia":[{"embeddable":true,"href":"https:\/\/www.gemmissime.com\/en\/wp-json\/wp\/v2\/media\/15795"}],"wp:attachment":[{"href":"https:\/\/www.gemmissime.com\/en\/wp-json\/wp\/v2\/media?parent=14897"}],"wp:term":[{"taxonomy":"product_brand","embeddable":true,"href":"https:\/\/www.gemmissime.com\/en\/wp-json\/wp\/v2\/product_brand?post=14897"},{"taxonomy":"product_cat","embeddable":true,"href":"https:\/\/www.gemmissime.com\/en\/wp-json\/wp\/v2\/product_cat?post=14897"},{"taxonomy":"product_tag","embeddable":true,"href":"https:\/\/www.gemmissime.com\/en\/wp-json\/wp\/v2\/product_tag?post=14897"}],"curies":[{"name":"wp","href":"https:\/\/api.w.org\/{rel}","templated":true}]}}