{"id":19089,"date":"2023-11-16T09:55:42","date_gmt":"2023-11-16T08:55:42","guid":{"rendered":"https:\/\/www.gemmissime.com\/?post_type=product&#038;p=19089"},"modified":"2026-02-03T22:53:13","modified_gmt":"2026-02-03T21:53:13","slug":"carte-cadeau-offrir","status":"publish","type":"product","link":"https:\/\/www.gemmissime.com\/en\/carte-cadeau-offrir\/","title":{"rendered":"E-Carte Cadeau \u00ab\u00a0Plaisir d&rsquo;Offrir\u00a0\u00bb"},"content":{"rendered":"<p>How to offer a Gemmissime E-Gift Card (virtual gift card):<\/p>\n<p style=\"text-align: left; padding-left: 40px;\">Saisissez le montant de votre Carte Cadeau Gemmissime. La valeur minimale d&rsquo;une carte cadeau est de 15\u20ac.<\/p>\n<p style=\"text-align: left; padding-left: 40px;\">Write your personal message within the limit of 300 characters.<\/p>\n<p style=\"text-align: left; padding-left: 40px;\">Saisissez votre nom ainsi que celui du destinataire de la carte cadeau.<\/p>\n<p style=\"text-align: left; padding-left: 40px;\">Une fois votre paiement valid\u00e9, vous pourrez t\u00e9l\u00e9charger la E-<strong>carte cadeau<\/strong> sous la forme d&rsquo;un fichier pdf.<\/p>\n<p style=\"text-align: left; padding-left: 40px;\">Vous pourrez ensuite soit l&rsquo;imprimer, soit envoyer le fichier pdf par email \u00e0 la personne destinataire de la carte cadeau.<\/p>\n<p>La carte cadeau est <strong>valable 6 mois<\/strong> \u00e0 compter de son achat et est valable sur l&rsquo;ensemble du site internet Gemmissime.com <strong><span style=\"text-decoration: underline;\">sauf les E-cartes cadeau.<\/span><\/strong><\/p>","protected":false},"excerpt":{"rendered":"<div class=\"elementor-column elementor-col-50 elementor-top-column elementor-element elementor-element-6491c6b\" data-id=\"6491c6b\" data-element_type=\"column\">\n<div class=\"elementor-widget-wrap elementor-element-populated\">\n<div class=\"elementor-element elementor-element-0f03227 elementor-widget elementor-widget-woocommerce-archive-description\" data-id=\"0f03227\" data-element_type=\"widget\" data-widget_type=\"woocommerce-archive-description.default\">\n<div class=\"elementor-widget-container\">\n<div class=\"term-description\">\n<p>The easiest way to make a gift!<\/p>\n<\/div>\n<\/div>\n<\/div>\n<\/div>\n<\/div>\n<div class=\"elementor-column elementor-col-50 elementor-top-column elementor-element elementor-element-e7728c4\" data-id=\"e7728c4\" data-element_type=\"column\"><\/div>","protected":false},"featured_media":19393,"comment_status":"closed","ping_status":"closed","template":"","meta":{"_acf_changed":false},"product_brand":[],"product_cat":[91],"product_tag":[225],"class_list":{"0":"post-19089","1":"product","2":"type-product","3":"status-publish","4":"has-post-thumbnail","6":"product_cat-carte-cadeau","7":"product_tag-moins-de-50e","9":"first","10":"instock","11":"shipping-taxable","12":"purchasable","13":"product-type-wgm_gift_card"},"acf":[],"_links":{"self":[{"href":"https:\/\/www.gemmissime.com\/en\/wp-json\/wp\/v2\/product\/19089","targetHints":{"allow":["GET"]}}],"collection":[{"href":"https:\/\/www.gemmissime.com\/en\/wp-json\/wp\/v2\/product"}],"about":[{"href":"https:\/\/www.gemmissime.com\/en\/wp-json\/wp\/v2\/types\/product"}],"replies":[{"embeddable":true,"href":"https:\/\/www.gemmissime.com\/en\/wp-json\/wp\/v2\/comments?post=19089"}],"version-history":[{"count":18,"href":"https:\/\/www.gemmissime.com\/en\/wp-json\/wp\/v2\/product\/19089\/revisions"}],"predecessor-version":[{"id":19403,"href":"https:\/\/www.gemmissime.com\/en\/wp-json\/wp\/v2\/product\/19089\/revisions\/19403"}],"wp:featuredmedia":[{"embeddable":true,"href":"https:\/\/www.gemmissime.com\/en\/wp-json\/wp\/v2\/media\/19393"}],"wp:attachment":[{"href":"https:\/\/www.gemmissime.com\/en\/wp-json\/wp\/v2\/media?parent=19089"}],"wp:term":[{"taxonomy":"product_brand","embeddable":true,"href":"https:\/\/www.gemmissime.com\/en\/wp-json\/wp\/v2\/product_brand?post=19089"},{"taxonomy":"product_cat","embeddable":true,"href":"https:\/\/www.gemmissime.com\/en\/wp-json\/wp\/v2\/product_cat?post=19089"},{"taxonomy":"product_tag","embeddable":true,"href":"https:\/\/www.gemmissime.com\/en\/wp-json\/wp\/v2\/product_tag?post=19089"}],"curies":[{"name":"wp","href":"https:\/\/api.w.org\/{rel}","templated":true}]}}