{"id":21294,"date":"2024-02-16T21:52:47","date_gmt":"2024-02-16T20:52:47","guid":{"rendered":"https:\/\/www.gemmissime.com\/?post_type=product&#038;p=21294"},"modified":"2026-02-03T22:33:58","modified_gmt":"2026-02-03T21:33:58","slug":"boucles-oreille-resine-damier-tourmaline","status":"publish","type":"product","link":"https:\/\/www.gemmissime.com\/en\/boucles-oreille-resine-damier-tourmaline\/","title":{"rendered":"Boucles d&rsquo;Oreille R\u00e9sine Damier Tourmaline"},"content":{"rendered":"<p>Ces<strong> Boucles d&rsquo;Oreille<\/strong> <strong>R\u00e9sine<\/strong> in\u00e9dites pr\u00e9sentent un motif \u00e0 carreaux d\u00e9licat et une transparence surprenante : de magnifiques trillions de <strong>Tourmaline<\/strong> \u00ab\u00a0noire\u00a0\u00bb (i.e. d&rsquo;un vert si fonc\u00e9 qu&rsquo;il en para\u00eet noir) et des cabochons de tourmaline vert d&rsquo;eau ont \u00e9t\u00e9 d\u00e9licatement captur\u00e9s dans de la r\u00e9sine cristaline, cr\u00e9ant ainsi une pi\u00e8ce unique qui ne manquera pas de faire tourner les t\u00eates \u00e0 chaque occasion. Les facettes des tourmalines \u00ab\u00a0noires\u00a0\u00bb accrochent la lumi\u00e8re pour briller d&rsquo;un \u00e9clat sans pareil, tandis que la r\u00e9sine transparente ajoute une touche de l\u00e9g\u00e8ret\u00e9 et de sophistication. Une <strong>cr\u00e9ation originale<\/strong> en <strong>acier inoxydable<\/strong> et <strong>pierres naturelles<\/strong>, enti\u00e8rement r\u00e9alis\u00e9e \u00e0 la main avec patience et pr\u00e9cision pour vous offrir un bijou artisanal et original qui apportera une touche de glamour \u00e0 toutes vos tenues favorites. Longueur totale de 7cm environ. N\u00e9cessite d&rsquo;avoir des oreilles perc\u00e9es.<\/p>\n<p>D\u00e9couvrez \u00e9galement nos autres mod\u00e8les de <strong>Boucles d&rsquo;Oreille R\u00e9sine<\/strong> et Tourmaline.<\/p>","protected":false},"excerpt":{"rendered":"<p>Natural Gemstones | Stainless steel<\/p>","protected":false},"featured_media":21296,"comment_status":"open","ping_status":"closed","template":"","meta":{"_acf_changed":false},"product_brand":[],"product_cat":[293],"product_tag":[305,226,225,260,253],"class_list":{"0":"post-21294","1":"product","2":"type-product","3":"status-publish","4":"has-post-thumbnail","6":"product_cat-boucles-d-oreille-resine","7":"product_tag-boucle-oreille","8":"product_tag-dore","9":"product_tag-moins-de-50e","10":"product_tag-noir","11":"product_tag-tourmaline","12":"pa_couleur-noir","14":"first","15":"instock","16":"taxable","17":"shipping-taxable","18":"purchasable","19":"product-type-simple"},"acf":[],"_links":{"self":[{"href":"https:\/\/www.gemmissime.com\/en\/wp-json\/wp\/v2\/product\/21294","targetHints":{"allow":["GET"]}}],"collection":[{"href":"https:\/\/www.gemmissime.com\/en\/wp-json\/wp\/v2\/product"}],"about":[{"href":"https:\/\/www.gemmissime.com\/en\/wp-json\/wp\/v2\/types\/product"}],"replies":[{"embeddable":true,"href":"https:\/\/www.gemmissime.com\/en\/wp-json\/wp\/v2\/comments?post=21294"}],"version-history":[{"count":3,"href":"https:\/\/www.gemmissime.com\/en\/wp-json\/wp\/v2\/product\/21294\/revisions"}],"predecessor-version":[{"id":21339,"href":"https:\/\/www.gemmissime.com\/en\/wp-json\/wp\/v2\/product\/21294\/revisions\/21339"}],"wp:featuredmedia":[{"embeddable":true,"href":"https:\/\/www.gemmissime.com\/en\/wp-json\/wp\/v2\/media\/21296"}],"wp:attachment":[{"href":"https:\/\/www.gemmissime.com\/en\/wp-json\/wp\/v2\/media?parent=21294"}],"wp:term":[{"taxonomy":"product_brand","embeddable":true,"href":"https:\/\/www.gemmissime.com\/en\/wp-json\/wp\/v2\/product_brand?post=21294"},{"taxonomy":"product_cat","embeddable":true,"href":"https:\/\/www.gemmissime.com\/en\/wp-json\/wp\/v2\/product_cat?post=21294"},{"taxonomy":"product_tag","embeddable":true,"href":"https:\/\/www.gemmissime.com\/en\/wp-json\/wp\/v2\/product_tag?post=21294"}],"curies":[{"name":"wp","href":"https:\/\/api.w.org\/{rel}","templated":true}]}}