{"id":21485,"date":"2024-03-13T13:26:56","date_gmt":"2024-03-13T12:26:56","guid":{"rendered":"https:\/\/www.gemmissime.com\/?post_type=product&#038;p=21485"},"modified":"2026-02-03T22:43:22","modified_gmt":"2026-02-03T21:43:22","slug":"collier-pendentif-quartz-oeil-de-chat","status":"publish","type":"product","link":"https:\/\/www.gemmissime.com\/en\/collier-pendentif-quartz-oeil-de-chat\/","title":{"rendered":"Filigree Pendant Necklace with Cat's Eye Quartz"},"content":{"rendered":"<p>Ce <strong>collier<\/strong> <strong>long<\/strong> arbore un large pendentif en forme de goutte et au d\u00e9licat filigrane qui n&rsquo;est pas sans rappeler la spiritualit\u00e9 d&rsquo;un mandala ou la d\u00e9licatesse d&rsquo;un motif oriental.\u00a0 Le pendentif est en <strong>acier inoxydable<\/strong> au poli miroir qui joue avec la lumi\u00e8re \u00e0 chaque mouvement, mettant ainsi en valeur le cabochon central de <strong>Cat's Eye Quartz <\/strong>captur\u00e9 dans la r\u00e9sine cristalline. Le <strong>Quartz \u00a0\u00bb Oeil de Chat \u00ab\u00a0<\/strong> est d&rsquo;un joli gris anthracite et pr\u00e9sente cette propri\u00e9t\u00e9 gemmologique aussi magnifique que remarquable de la chatoyance en surface rappelant l&rsquo;oeil d&rsquo;un chat. Une <strong>raret\u00e9<\/strong> propos\u00e9e en quelques exemplaires seulement.<\/p>\n<p class=\"translation-block\">Whatever the occasion or event, chic or casual, this charming filigree necklace adds a sophisticated and original touch to any outfit. It will also be a nice gift to give, whether for a birthday, Mother's Day, Christmas or just to please.<\/p>\n<p class=\"translation-block\">Each piece has been assembled by hand with a carefully selected natural stone cabochon and transparent resin to offer you a unique handcrafted natural stone jewel that is incredibly light despite its dimensions. This Filigree necklace model is also available with Rose Quartz and Green Chrysoprase.<\/p>","protected":false},"excerpt":{"rendered":"<p>Natural Gemstones | Stainless steel<\/p>","protected":false},"featured_media":21487,"comment_status":"open","ping_status":"closed","template":"","meta":{"_acf_changed":false},"product_brand":[],"product_cat":[143],"product_tag":[229,226,267,225,313],"class_list":{"0":"post-21485","1":"product","2":"type-product","3":"status-publish","4":"has-post-thumbnail","6":"product_cat-pendentif","7":"product_tag-collier","8":"product_tag-dore","9":"product_tag-gris","10":"product_tag-moins-de-50e","11":"product_tag-quartz-oeil-de-chat","12":"pa_couleur-gris","14":"first","15":"instock","16":"purchasable","17":"product-type-simple"},"acf":[],"_links":{"self":[{"href":"https:\/\/www.gemmissime.com\/en\/wp-json\/wp\/v2\/product\/21485","targetHints":{"allow":["GET"]}}],"collection":[{"href":"https:\/\/www.gemmissime.com\/en\/wp-json\/wp\/v2\/product"}],"about":[{"href":"https:\/\/www.gemmissime.com\/en\/wp-json\/wp\/v2\/types\/product"}],"replies":[{"embeddable":true,"href":"https:\/\/www.gemmissime.com\/en\/wp-json\/wp\/v2\/comments?post=21485"}],"version-history":[{"count":1,"href":"https:\/\/www.gemmissime.com\/en\/wp-json\/wp\/v2\/product\/21485\/revisions"}],"predecessor-version":[{"id":21486,"href":"https:\/\/www.gemmissime.com\/en\/wp-json\/wp\/v2\/product\/21485\/revisions\/21486"}],"wp:featuredmedia":[{"embeddable":true,"href":"https:\/\/www.gemmissime.com\/en\/wp-json\/wp\/v2\/media\/21487"}],"wp:attachment":[{"href":"https:\/\/www.gemmissime.com\/en\/wp-json\/wp\/v2\/media?parent=21485"}],"wp:term":[{"taxonomy":"product_brand","embeddable":true,"href":"https:\/\/www.gemmissime.com\/en\/wp-json\/wp\/v2\/product_brand?post=21485"},{"taxonomy":"product_cat","embeddable":true,"href":"https:\/\/www.gemmissime.com\/en\/wp-json\/wp\/v2\/product_cat?post=21485"},{"taxonomy":"product_tag","embeddable":true,"href":"https:\/\/www.gemmissime.com\/en\/wp-json\/wp\/v2\/product_tag?post=21485"}],"curies":[{"name":"wp","href":"https:\/\/api.w.org\/{rel}","templated":true}]}}