{"id":21561,"date":"2024-04-07T20:52:03","date_gmt":"2024-04-07T18:52:03","guid":{"rendered":"https:\/\/www.gemmissime.com\/?post_type=product&#038;p=21561"},"modified":"2026-02-03T22:34:44","modified_gmt":"2026-02-03T21:34:44","slug":"bracelet-noir-et-or-ajustable-ronde-de-gemmes","status":"publish","type":"product","link":"https:\/\/www.gemmissime.com\/en\/bracelet-noir-et-or-ajustable-ronde-de-gemmes\/","title":{"rendered":"Bracelet Noir et Or ajustable \u00ab\u00a0Ronde de Gemmes\u00a0\u00bb"},"content":{"rendered":"<p><strong>Bracelet Noir et Or <\/strong>ajustable en m\u00e9tal dor\u00e9 dont le motif rond est orn\u00e9 de perles de Tourmaline noire ou Spinelle noir, selon la disponibilit\u00e9. Un petit bijou f\u00e9minin et original, de taille universelle gr\u00e2ce \u00e0 la taille de cha\u00eene r\u00e9glable. Un bijou qui sera le cadeau id\u00e9al en toute occasion ou \u00e0 (s&rsquo;)offrir sans mod\u00e9ration !<\/p>\n<p>D\u00e9couvrez toute la collection de <a href=\"https:\/\/www.gemmissime.com\/en\/bracelet-femme\/\"><strong>bracelets ajustables Gemmissime<\/strong><\/a>.<\/p>","protected":false},"excerpt":{"rendered":"<p>Natural gemstones | Golden metal<\/p>","protected":false},"featured_media":21563,"comment_status":"open","ping_status":"closed","template":"","meta":{"_acf_changed":false},"product_brand":[],"product_cat":[256],"product_tag":[257,226,225,260,259,253],"class_list":{"0":"post-21561","1":"product","2":"type-product","3":"status-publish","4":"has-post-thumbnail","6":"product_cat-bracelet-rond","7":"product_tag-bracelet","8":"product_tag-dore","9":"product_tag-moins-de-50e","10":"product_tag-noir","11":"product_tag-spinelle","12":"product_tag-tourmaline","13":"pa_couleur-noir","15":"first","16":"instock","17":"purchasable","18":"product-type-simple"},"acf":[],"_links":{"self":[{"href":"https:\/\/www.gemmissime.com\/en\/wp-json\/wp\/v2\/product\/21561","targetHints":{"allow":["GET"]}}],"collection":[{"href":"https:\/\/www.gemmissime.com\/en\/wp-json\/wp\/v2\/product"}],"about":[{"href":"https:\/\/www.gemmissime.com\/en\/wp-json\/wp\/v2\/types\/product"}],"replies":[{"embeddable":true,"href":"https:\/\/www.gemmissime.com\/en\/wp-json\/wp\/v2\/comments?post=21561"}],"version-history":[{"count":2,"href":"https:\/\/www.gemmissime.com\/en\/wp-json\/wp\/v2\/product\/21561\/revisions"}],"predecessor-version":[{"id":21573,"href":"https:\/\/www.gemmissime.com\/en\/wp-json\/wp\/v2\/product\/21561\/revisions\/21573"}],"wp:featuredmedia":[{"embeddable":true,"href":"https:\/\/www.gemmissime.com\/en\/wp-json\/wp\/v2\/media\/21563"}],"wp:attachment":[{"href":"https:\/\/www.gemmissime.com\/en\/wp-json\/wp\/v2\/media?parent=21561"}],"wp:term":[{"taxonomy":"product_brand","embeddable":true,"href":"https:\/\/www.gemmissime.com\/en\/wp-json\/wp\/v2\/product_brand?post=21561"},{"taxonomy":"product_cat","embeddable":true,"href":"https:\/\/www.gemmissime.com\/en\/wp-json\/wp\/v2\/product_cat?post=21561"},{"taxonomy":"product_tag","embeddable":true,"href":"https:\/\/www.gemmissime.com\/en\/wp-json\/wp\/v2\/product_tag?post=21561"}],"curies":[{"name":"wp","href":"https:\/\/api.w.org\/{rel}","templated":true}]}}