{"id":21566,"date":"2024-04-07T21:22:32","date_gmt":"2024-04-07T19:22:32","guid":{"rendered":"https:\/\/www.gemmissime.com\/?post_type=product&#038;p=21566"},"modified":"2026-02-03T22:25:09","modified_gmt":"2026-02-03T21:25:09","slug":"bague-noir-et-or-ajustable-ronde-de-gemmes","status":"publish","type":"product","link":"https:\/\/www.gemmissime.com\/en\/bague-noir-et-or-ajustable-ronde-de-gemmes\/","title":{"rendered":"Bague Noir et Or ajustable \u00ab\u00a0Ronde de Gemmes\u00a0\u00bb"},"content":{"rendered":"<p><strong>Bague Noir et Or <\/strong>ajustable en acier inoxydable dont le motif rond est orn\u00e9 de perles de Tourmaline noire ou Spinelle noir, selon la disponibilit\u00e9. Fini le stress de se tromper de taille de doigt car la bague est <strong>ajustable<\/strong> gr\u00e2ce \u00e0 la cha\u00eene coulissante et son stoppeur permettant de r\u00e9gler la taille souhait\u00e9e. Un petit bijou f\u00e9minin et original, id\u00e9al \u00e0 offrir \u00e0 l&rsquo;occasion d&rsquo;un anniversaire, d&rsquo;une f\u00eate des (grands) m\u00e8res ou la Saint Valentin par exemple, pour signifier son affection \u00e0 une s\u0153ur ou une amie, ou juste pour se faire plaisir ! D\u00e9couvrez la collection compl\u00e8te de <a href=\"https:\/\/www.gemmissime.com\/en\/bague-femme\/\"><strong>bagues ajustables Gemmissime<\/strong><\/a>.<\/p>","protected":false},"excerpt":{"rendered":"<p>Pierres naturelles | Acier Inoxydable<\/p>","protected":false},"featured_media":21568,"comment_status":"open","ping_status":"closed","template":"","meta":{"_acf_changed":false},"product_brand":[],"product_cat":[135],"product_tag":[222,226,225,260,259,253],"class_list":{"0":"post-21566","1":"product","2":"type-product","3":"status-publish","4":"has-post-thumbnail","6":"product_cat-bague-rond","7":"product_tag-bague","8":"product_tag-dore","9":"product_tag-moins-de-50e","10":"product_tag-noir","11":"product_tag-spinelle","12":"product_tag-tourmaline","13":"pa_couleur-noir","15":"first","16":"instock","17":"purchasable","18":"product-type-simple"},"acf":[],"_links":{"self":[{"href":"https:\/\/www.gemmissime.com\/en\/wp-json\/wp\/v2\/product\/21566","targetHints":{"allow":["GET"]}}],"collection":[{"href":"https:\/\/www.gemmissime.com\/en\/wp-json\/wp\/v2\/product"}],"about":[{"href":"https:\/\/www.gemmissime.com\/en\/wp-json\/wp\/v2\/types\/product"}],"replies":[{"embeddable":true,"href":"https:\/\/www.gemmissime.com\/en\/wp-json\/wp\/v2\/comments?post=21566"}],"version-history":[{"count":3,"href":"https:\/\/www.gemmissime.com\/en\/wp-json\/wp\/v2\/product\/21566\/revisions"}],"predecessor-version":[{"id":21572,"href":"https:\/\/www.gemmissime.com\/en\/wp-json\/wp\/v2\/product\/21566\/revisions\/21572"}],"wp:featuredmedia":[{"embeddable":true,"href":"https:\/\/www.gemmissime.com\/en\/wp-json\/wp\/v2\/media\/21568"}],"wp:attachment":[{"href":"https:\/\/www.gemmissime.com\/en\/wp-json\/wp\/v2\/media?parent=21566"}],"wp:term":[{"taxonomy":"product_brand","embeddable":true,"href":"https:\/\/www.gemmissime.com\/en\/wp-json\/wp\/v2\/product_brand?post=21566"},{"taxonomy":"product_cat","embeddable":true,"href":"https:\/\/www.gemmissime.com\/en\/wp-json\/wp\/v2\/product_cat?post=21566"},{"taxonomy":"product_tag","embeddable":true,"href":"https:\/\/www.gemmissime.com\/en\/wp-json\/wp\/v2\/product_tag?post=21566"}],"curies":[{"name":"wp","href":"https:\/\/api.w.org\/{rel}","templated":true}]}}